{"id":2305,"date":"2022-01-26T12:05:06","date_gmt":"2022-01-26T12:05:06","guid":{"rendered":"https:\/\/ptnmr.web.ua.pt\/wp\/?page_id=2305"},"modified":"2022-02-13T18:22:32","modified_gmt":"2022-02-13T18:22:32","slug":"universidade-de-lisboa-ff","status":"publish","type":"page","link":"https:\/\/ptnmr.web.ua.pt\/index.php\/universidade-de-lisboa-ff\/","title":{"rendered":"Universidade de Lisboa &#8211; FF"},"content":{"rendered":"<p>&nbsp;<\/p>\n<table style=\"height: 520px;\" border=\"0\" width=\"940\" cellspacing=\"0\" cellpadding=\"0\">\n<tbody>\n<tr>\n<td><img loading=\"lazy\" class=\"wp-image-3016 size-medium aligncenter\" src=\"http:\/\/ptnmr.web.ua.pt\/wp\/wp-content\/uploads\/2022\/02\/ULisboa_2-300x108.png\" alt=\"\" width=\"300\" height=\"108\" srcset=\"https:\/\/ptnmr.web.ua.pt\/wp-content\/uploads\/2022\/02\/ULisboa_2-300x108.png 300w, https:\/\/ptnmr.web.ua.pt\/wp-content\/uploads\/2022\/02\/ULisboa_2-1024x370.png 1024w, https:\/\/ptnmr.web.ua.pt\/wp-content\/uploads\/2022\/02\/ULisboa_2-768x277.png 768w, https:\/\/ptnmr.web.ua.pt\/wp-content\/uploads\/2022\/02\/ULisboa_2-1536x555.png 1536w, https:\/\/ptnmr.web.ua.pt\/wp-content\/uploads\/2022\/02\/ULisboa_2-2048x740.png 2048w\" sizes=\"(max-width: 300px) 100vw, 300px\" \/><\/td>\n<td>\n<div style=\"padding-left: 40px;\">Faculdade de Farm\u00e1cia<\/div>\n<div style=\"padding-left: 40px;\">Universidade de Lisboa<\/div>\n<div style=\"padding-left: 40px;\">Avenida Professor Gama Pinto<\/div>\n<div style=\"padding-left: 40px;\">1649-003 Lisboa<\/div>\n<div style=\"padding-left: 40px;\">Portugal<\/div>\n<\/td>\n<td>\n<div>Tel: +351 217 946 400<\/div>\n<div>Fax: +351 217 946 470<\/div>\n<\/td>\n<\/tr>\n<tr>\n<td style=\"text-align: center;\"><\/td>\n<td>\n<h5>NMR Equipment<\/h5>\n<ul>\n<li>Bruker &#8211; Biospin Fourier 300 MHz<\/li>\n<\/ul>\n<\/td>\n<td>\n<h5>Unit Homepage<\/h5>\n<p><a href=\"https:\/\/imed.ulisboa.pt\/\">ULisboa &#8211; FF<\/a><\/td>\n<\/tr>\n<\/tbody>\n<\/table>\n<p>&nbsp;<\/p>\n<h4>Main Research Topics<\/h4>\n<p>The NMR equipment plays a key role in all chemistry-based research topics developed at the Research Institute for Medicines (iMed.ULisboa). The NMR techniques (<sup>1<\/sup>H, <sup>13<\/sup>C, and 2D-NMR experiments) are routinely used for structure elucidation of small molecules obtained either from synthesis or natural sources, kinetic studies to elucidate reaction mechanisms, metabolic studies, including metabolite identification, and for quantification in drug development studies.<\/p>\n<p>&nbsp;<\/p>\n<h4><strong>Selected Publications<\/strong><\/h4>\n<ol>\n<li>Pereira JG, Ant\u00f3nio JPM, Mendon\u00e7a R, Gomes RFA, Afonso CAM. Rediscovering aminal chemistry: copper(II) catalysed formation under mild conditions. Green Chem., 2020, 22, 7484\u20137490. <a href=\"https:\/\/doi:10.1039\/d0gc01977a\">https:\/\/doi:10.1039\/d0gc01977a<\/a><\/li>\n<li>Silva MJSA, Faustino H, Coelho J, Pinto MV, Fernandes A, Compa\u00f1\u00f3n I, Corzana F, Gasser G, Gois PMP. Efficient amino sulfhydryl stapling on peptides and proteins using bifunctional NHS activated acrylamides. Angew. Chem. Int. Ed. 2021; 60: 10850. <a href=\"https:\/\/doi:10.1002\/anie.202016936\">https:\/\/doi:10.1002\/anie.202016936<\/a><\/li>\n<li>Gomes-Alves AG, Duarte M, Cruz T, Castro H, Lopes F, Moreira R, Ressurrei\u00e7\u00e3o AS, Tom\u00e1s AM. Quinolin-(1H)-imines as a new chemotype against leishmaniasis: biological evaluation and mechanistic studies. Antimicrob Agents Chemother 2021; Apr 26:AAC.01513-20. DOI: 10.1128\/AAC.01513-20.<\/li>\n<li>Barcherini V, Almeida J, Lopes E, Wang M, Silva DM, Mori M, Wang S, Saraiva L, Santos MM. Potency and Selectivity Optimization of Tryptophanol-Derived Oxazoloisoindolinones: Novel p53 Activators in Human Colorectal Cancer. ChemMedChem 2021, 16, 250\u2013258. <a href=\"https:\/\/doi.org\/10.1002\/cmdc.202000522\">https:\/\/doi.org\/10.1002\/cmdc.202000522<\/a><\/li>\n<li>Ferreira RJ, Spengler G, Orthaber A, dos Santos DJVA, Ferreira, MJU. Pedrolane, a Polycyclic Diterpene Scaffold Containing a Bicyclo[2.2.1]heptane System, from Euphorbia pedroi. Org Lett 2021; 23: 274\u2013278. <a href=\"https:\/\/Doi:10.1021\/acs.orglett.0c03647\">https:\/\/Doi:10.1021\/acs.orglett.0c03647<\/a><\/li>\n<\/ol>\n<p>&nbsp;<\/p>\n","protected":false},"excerpt":{"rendered":"<p>&nbsp; Faculdade de Farm\u00e1cia Universidade de Lisboa Avenida Professor Gama Pinto 1649-003 Lisboa Portugal Tel: +351 217 946 400 Fax: +351 217 946 470 NMR Equipment Bruker &#8211; Biospin Fourier 300 MHz Unit Homepage ULisboa &#8211; FF &nbsp; Main Research Topics The NMR equipment plays a key role in all chemistry-based research topics developed at&hellip;&nbsp;<a href=\"https:\/\/ptnmr.web.ua.pt\/index.php\/universidade-de-lisboa-ff\/\" rel=\"bookmark\">Read More &raquo;<span class=\"screen-reader-text\">Universidade de Lisboa &#8211; FF<\/span><\/a><\/p>\n","protected":false},"author":4,"featured_media":0,"parent":0,"menu_order":0,"comment_status":"closed","ping_status":"closed","template":"","meta":{"neve_meta_sidebar":"","neve_meta_container":"","neve_meta_enable_content_width":"off","neve_meta_content_width":100,"neve_meta_title_alignment":"","neve_meta_author_avatar":"","neve_post_elements_order":"","neve_meta_disable_header":"","neve_meta_disable_footer":"","neve_meta_disable_title":""},"_links":{"self":[{"href":"https:\/\/ptnmr.web.ua.pt\/index.php\/wp-json\/wp\/v2\/pages\/2305"}],"collection":[{"href":"https:\/\/ptnmr.web.ua.pt\/index.php\/wp-json\/wp\/v2\/pages"}],"about":[{"href":"https:\/\/ptnmr.web.ua.pt\/index.php\/wp-json\/wp\/v2\/types\/page"}],"author":[{"embeddable":true,"href":"https:\/\/ptnmr.web.ua.pt\/index.php\/wp-json\/wp\/v2\/users\/4"}],"replies":[{"embeddable":true,"href":"https:\/\/ptnmr.web.ua.pt\/index.php\/wp-json\/wp\/v2\/comments?post=2305"}],"version-history":[{"count":4,"href":"https:\/\/ptnmr.web.ua.pt\/index.php\/wp-json\/wp\/v2\/pages\/2305\/revisions"}],"predecessor-version":[{"id":3136,"href":"https:\/\/ptnmr.web.ua.pt\/index.php\/wp-json\/wp\/v2\/pages\/2305\/revisions\/3136"}],"wp:attachment":[{"href":"https:\/\/ptnmr.web.ua.pt\/index.php\/wp-json\/wp\/v2\/media?parent=2305"}],"curies":[{"name":"wp","href":"https:\/\/api.w.org\/{rel}","templated":true}]}}