{"id":4046,"date":"2025-10-15T12:55:40","date_gmt":"2025-10-15T12:55:40","guid":{"rendered":"https:\/\/ptnmr.web.ua.pt\/?page_id=4046"},"modified":"2025-10-15T12:55:40","modified_gmt":"2025-10-15T12:55:40","slug":"nova-itqb","status":"publish","type":"page","link":"https:\/\/ptnmr.web.ua.pt\/index.php\/nova-itqb\/","title":{"rendered":"Universidade Nova de Lisboa &#8211; Instituto de Tecnologia Qu\u00edmica e Biol\u00f3gica Ant\u00f3nio Xavier"},"content":{"rendered":"<p>&nbsp;<\/p>\n<table style=\"height: 500px;\" border=\"0\" width=\"1000\" cellspacing=\"0\" cellpadding=\"0\">\n<tbody>\n<tr>\n<td><img loading=\"lazy\" class=\"aligncenter wp-image-3004 size-medium\" src=\"http:\/\/ptnmr.web.ua.pt\/wp\/wp-content\/uploads\/2022\/02\/UNL_2-300x180.png\" alt=\"\" width=\"300\" height=\"180\" srcset=\"https:\/\/ptnmr.web.ua.pt\/wp-content\/uploads\/2022\/02\/UNL_2-300x180.png 300w, https:\/\/ptnmr.web.ua.pt\/wp-content\/uploads\/2022\/02\/UNL_2-768x461.png 768w, https:\/\/ptnmr.web.ua.pt\/wp-content\/uploads\/2022\/02\/UNL_2.png 943w\" sizes=\"(max-width: 300px) 100vw, 300px\" \/><\/td>\n<td>\n<div style=\"padding-left: 40px;\">CERMAX &#8211; ITQB NOVA<br \/>\nAv. da Rep\u00fablica<br \/>\n2780-157 Oeiras<br \/>\nPortugal<\/div>\n<\/td>\n<td>\n<div>cermax.direction@itqb.unl.pt<\/div>\n<div><\/div>\n<div>Tel: (+351) 21 446 97 10<\/div>\n<\/td>\n<\/tr>\n<tr>\n<td style=\"text-align: center;\">\u00a0 \u00a0 <img loading=\"lazy\" class=\"alignnone size-medium wp-image-2719\" src=\"http:\/\/ptnmr.web.ua.pt\/wp\/wp-content\/uploads\/2022\/02\/ITQB800MHz_2-300x225.jpg\" alt=\"\" width=\"300\" height=\"225\" srcset=\"https:\/\/ptnmr.web.ua.pt\/wp-content\/uploads\/2022\/02\/ITQB800MHz_2-300x225.jpg 300w, https:\/\/ptnmr.web.ua.pt\/wp-content\/uploads\/2022\/02\/ITQB800MHz_2-1024x768.jpg 1024w, https:\/\/ptnmr.web.ua.pt\/wp-content\/uploads\/2022\/02\/ITQB800MHz_2-768x576.jpg 768w, https:\/\/ptnmr.web.ua.pt\/wp-content\/uploads\/2022\/02\/ITQB800MHz_2-1536x1152.jpg 1536w, https:\/\/ptnmr.web.ua.pt\/wp-content\/uploads\/2022\/02\/ITQB800MHz_2-2048x1536.jpg 2048w\" sizes=\"(max-width: 300px) 100vw, 300px\" \/><\/td>\n<td>\n<h5>NMR Equipment<\/h5>\n<ul>\n<li>800 MHz cryoprobe (He) and autosampler<\/li>\n<li>500 MHz with cryoprobe (N<sub>2<\/sub>)<\/li>\n<li>500 MHz multiprobe<\/li>\n<li>400 MHz multiprobe with autosampler<\/li>\n<li>300 MHz multiprobe<\/li>\n<\/ul>\n<\/td>\n<td>\n<h5>Unit Homepage<\/h5>\n<p><a href=\"http:\/\/cermax.itqb.unl.pt\">CERMAX<\/a><\/p>\n<h5><a href=\"http:\/\/cermax.itqb.unl.pt\/booking\">Booking | Scheduling<\/a><\/h5>\n<p>&nbsp;<\/td>\n<\/tr>\n<\/tbody>\n<\/table>\n<p>&nbsp;<\/p>\n<h4>Main Research Topics<\/h4>\n<p>&nbsp;<\/p>\n<p>&nbsp;<\/p>\n<h4>Selected Publications<\/h4>\n<p>&nbsp;<\/p>\n","protected":false},"excerpt":{"rendered":"<p>&nbsp; CERMAX &#8211; ITQB NOVA Av. da Rep\u00fablica 2780-157 Oeiras Portugal cermax.direction@itqb.unl.pt Tel: (+351) 21 446 97 10 \u00a0 \u00a0 NMR Equipment 800 MHz cryoprobe (He) and autosampler 500 MHz with cryoprobe (N2) 500 MHz multiprobe 400 MHz multiprobe with autosampler 300 MHz multiprobe Unit Homepage CERMAX Booking | Scheduling &nbsp; &nbsp; Main Research Topics&hellip;&nbsp;<a href=\"https:\/\/ptnmr.web.ua.pt\/index.php\/nova-itqb\/\" rel=\"bookmark\">Read More &raquo;<span class=\"screen-reader-text\">Universidade Nova de Lisboa &#8211; Instituto de Tecnologia Qu\u00edmica e Biol\u00f3gica Ant\u00f3nio Xavier<\/span><\/a><\/p>\n","protected":false},"author":4,"featured_media":0,"parent":0,"menu_order":0,"comment_status":"closed","ping_status":"closed","template":"","meta":{"neve_meta_sidebar":"","neve_meta_container":"","neve_meta_enable_content_width":"off","neve_meta_content_width":100,"neve_meta_title_alignment":"","neve_meta_author_avatar":"","neve_post_elements_order":"","neve_meta_disable_header":"","neve_meta_disable_footer":"","neve_meta_disable_title":""},"_links":{"self":[{"href":"https:\/\/ptnmr.web.ua.pt\/index.php\/wp-json\/wp\/v2\/pages\/4046"}],"collection":[{"href":"https:\/\/ptnmr.web.ua.pt\/index.php\/wp-json\/wp\/v2\/pages"}],"about":[{"href":"https:\/\/ptnmr.web.ua.pt\/index.php\/wp-json\/wp\/v2\/types\/page"}],"author":[{"embeddable":true,"href":"https:\/\/ptnmr.web.ua.pt\/index.php\/wp-json\/wp\/v2\/users\/4"}],"replies":[{"embeddable":true,"href":"https:\/\/ptnmr.web.ua.pt\/index.php\/wp-json\/wp\/v2\/comments?post=4046"}],"version-history":[{"count":2,"href":"https:\/\/ptnmr.web.ua.pt\/index.php\/wp-json\/wp\/v2\/pages\/4046\/revisions"}],"predecessor-version":[{"id":4052,"href":"https:\/\/ptnmr.web.ua.pt\/index.php\/wp-json\/wp\/v2\/pages\/4046\/revisions\/4052"}],"wp:attachment":[{"href":"https:\/\/ptnmr.web.ua.pt\/index.php\/wp-json\/wp\/v2\/media?parent=4046"}],"curies":[{"name":"wp","href":"https:\/\/api.w.org\/{rel}","templated":true}]}}