{"id":805,"date":"2022-01-17T16:29:16","date_gmt":"2022-01-17T16:29:16","guid":{"rendered":"http:\/\/ptnmr.dq.ua.pt\/wp\/?page_id=805"},"modified":"2022-02-15T15:55:50","modified_gmt":"2022-02-15T15:55:50","slug":"universidade-da-madeira-cqm","status":"publish","type":"page","link":"https:\/\/ptnmr.web.ua.pt\/index.php\/universidade-da-madeira-cqm\/","title":{"rendered":"Universidade da Madeira &#8211; CQM"},"content":{"rendered":"<p>&nbsp;<\/p>\n<table border=\"0\" width=\"1000\" cellspacing=\"0\" cellpadding=\"0\">\n<tbody>\n<tr>\n<td><img loading=\"lazy\" class=\"aligncenter wp-image-3262 size-medium\" src=\"http:\/\/ptnmr.web.ua.pt\/wp\/wp-content\/uploads\/2022\/02\/UMadeira-300x97.gif\" alt=\"\" width=\"300\" height=\"97\" srcset=\"https:\/\/ptnmr.web.ua.pt\/wp-content\/uploads\/2022\/02\/UMadeira-300x97.gif 300w, https:\/\/ptnmr.web.ua.pt\/wp-content\/uploads\/2022\/02\/UMadeira-1024x330.gif 1024w, https:\/\/ptnmr.web.ua.pt\/wp-content\/uploads\/2022\/02\/UMadeira-768x247.gif 768w\" sizes=\"(max-width: 300px) 100vw, 300px\" \/><\/td>\n<td>\n<div style=\"padding-left: 40px;\">\n<div style=\"padding-left: 40px;\">\n<div>Centro de Qu\u00edmica da Madeira<\/div>\n<div>Campus Universit\u00e1rio da Penteada<\/div>\n<div>Universidade da Madeira<\/div>\n<div>9020-105 Funchal<\/div>\n<div>Portugal<\/div>\n<\/div>\n<\/div>\n<\/td>\n<td>\n<div>Tel:+351 291 705 150 (secretariat)<\/div>\n<div>Tel:+351 291 705 125 (Lab)<\/div>\n<div>Tel:+351 291 705 108 (Office)<\/div>\n<p><span style=\"font-family: inherit; font-size: inherit;\">Fax: +351 291 705 149 \/ 249<\/span><\/td>\n<\/tr>\n<\/tbody>\n<\/table>\n<table border=\"0\" width=\"1000\" cellspacing=\"0\" cellpadding=\"0\">\n<tbody>\n<tr>\n<td>&nbsp;<\/p>\n<p style=\"text-align: center;\"><img loading=\"lazy\" class=\"aligncenter wp-image-3052\" src=\"http:\/\/ptnmr.web.ua.pt\/wp\/wp-content\/uploads\/2022\/02\/UMad_foto-300x220.jpg\" alt=\"\" width=\"500\" height=\"366\" srcset=\"https:\/\/ptnmr.web.ua.pt\/wp-content\/uploads\/2022\/02\/UMad_foto-300x220.jpg 300w, https:\/\/ptnmr.web.ua.pt\/wp-content\/uploads\/2022\/02\/UMad_foto.jpg 735w\" sizes=\"(max-width: 500px) 100vw, 500px\" \/><\/p>\n<\/td>\n<td>\n<h5>NMR Equipment<\/h5>\n<ul>\n<li>Bruker Avance II 400 (2006)<\/li>\n<\/ul>\n<p>BBO Double Resonance Broadband Probes \u2013 Observe Probe (2006)<\/p>\n<p>Autosampler SampleXpress Lite (2018)<\/p>\n<p>NMR workstation with TOPSPIN (version 3.5.7), ICON NMR, NMRSIM and NMR Guide software running on Windows 10 (2018)<\/td>\n<td>\n<h5>Unit Homepage<\/h5>\n<p><a href=\"https:\/\/cqm.uma.pt\/services\/nmr\">UMadeira &#8211; CQM<\/a><\/p>\n<h5>Booking | Scheduling<\/h5>\n<p><a href=\"https:\/\/calendar.google.com\/calendar\/embed?src=cqmnmr@gmail.com&amp;ctz=Europe\/Lisbon&amp;gsessionid=OK\">calendar<\/a><\/td>\n<\/tr>\n<\/tbody>\n<\/table>\n<p>&nbsp;<\/p>\n<h4>Main Research Topics<\/h4>\n<p><strong>Jo\u00e3o Rodrigues, Helena Tom\u00e1s, Pedro Pires &amp; Ruilong Sheng<\/strong> &#8211; Materials Group [refs 1-29]<\/p>\n<p>NMR is one of the main tools for comprehensively characterizing the chemical structure of synthetic and natural molecules.<\/p>\n<p>The materials group of CQM carries out studies of interdisciplinary nature in the synthesis and functionalizations of nanomaterials, metallodrugs, and small molecules for biomedical applications [1-29]. Our main goal is to prepare and characterize new types of molecular materials (e.g., dendritic(hyperbranched), hydrogels, carbon dots, and small molecules as sensors, polymeric metal, and non-metal-containing systems) with enhanced electronic and biomedical properties.<\/p>\n<p>Together with other techniques (like MS), liquid NMR is used in our group as a routine tool for the structural characterization of the prepared compounds and to study the impact of nanomaterials <em>in vitro<\/em>. Behind the common and typical NMR nucleus (<sup>1<\/sup>H and <sup>13<\/sup>C), <sup>31<\/sup>P, <sup>19<\/sup>F, and <sup>195<\/sup>Pt are the most important nucleus used by us to identify the presence of ligands\/functional groups and platinum on the prepared nanomaterials and study the electronic influence and the geometrical arrange of co-ligands around the metal centers in metallodrugs. Other NMR experiments like DEPT, 2D-COSY, 2D-HSQC, and 2D-HMBC are also very helpful techniques for our research work.<\/p>\n<p><strong>\u00a0<\/strong><\/p>\n<p><strong>Jos\u00e9 C\u00e2mara,<\/strong> <strong>Paula Castilho,<\/strong><strong> Rosa Perestrelo<\/strong> &#8211; Natural Products Group [refs 30-37]<\/p>\n<p>The Natural Products group develops research activity in food safety and quality control, chemical composition of aromatic, medicinal, and food plants, and organic chemistry hemi synthesis of bioactive compounds using natural products as raw materials and assessing the biological activity of new compounds. NMR is used to identify and quantify compounds in complex mixtures, such as extracts and essential oils, through the building and querying of specific databases. The group is also interested in the simultaneous determination of organic analytes across fermentation of Madeira wines and the use of <sup>1<\/sup>H-NMR to determine amino acids, organic acids, and polyphenols in wine by <sup>13<\/sup>C- and <sup>1<\/sup>H-NMR. The use of NMR metabolomics to identify and characterize breast cancer metabolites and new drugs is another regular use for our NMR equipment.<\/p>\n<p>&nbsp;<\/p>\n<h4>Selected Publications<\/h4>\n<ol>\n<li>Martins, I.; Tom\u00e1s, H.; Lahoz, F.; Rodrigues, J. Engineered Fluorescent Carbon Dots and G4-G6 PAMAM Dendrimer Nanohybrids for Bioimaging and Gene Delivery. <em>Biomacromolecules<\/em> <strong>2021<\/strong>, 22, 6, 2436-2450. http:\/\/dx.doi.org\/10.1021\/acs.biomac.1c00232<\/li>\n<li>Camacho, C.; Tom\u00e1s, H.; Rodrigues, J. Use of Half-Generation PAMAM Dendrimers (G0.5\u2013G3.5) with Carboxylate End-Groups to Improve the DACHPtCl<sub>2<\/sub> and 5-FU Efficacy as Anticancer Drugs. <em>Molecules<\/em> <strong>2021<\/strong>, 26, 2924-. http:\/\/dx.doi.org\/10.3390\/molecules26102924<\/li>\n<li>Olim, F.; Neves, A.R.; Vieira, Mariana; Tom\u00e1s, H.; Sheng, R. Self-Assembly of Cholesterol-Doxorubicin and TPGS into Prodrug-Based Nanoparticles with Enhanced Cellular Uptake and Lysosome-Dependent Pathway in Breast Cancer Cells. <em> J. Lipid Sci. Technol.<\/em> <strong>2021<\/strong>, 123, 2000337-. http:\/\/dx.doi.org\/10.1002\/ejlt.202000337<\/li>\n<li>Nunes, N. S. H.; Popovi\u0107, I.; Abreu, E. A. S.; Maciel, D.; Rodrigues, J. M. C.; Soto, J.; Algarra, M.; Petkovic, M. Detection of Ru potential metallodrug in human urine by MALDI-TOF mass spectrometry: Validation and options to enhance the sensitivity. <em>Talanta<\/em> <strong>2021<\/strong>, 222, 121551-. http:\/\/dx.doi.org\/10.1016\/j.talanta.2020.121551<\/li>\n<li>Camacho, C. S.; Urgelles, M.; Tom\u00e1s, H.; Lahoz, F.; Rodrigues, J. M. C. New insights into the blue intrinsic fluorescence of oxidized PAMAM dendrimers considering their use as bionanomaterials. <em> Mat. Chem. B<\/em> <strong>2020<\/strong>, 8, 10314-10326. http:\/\/dx.doi.org\/10.1039\/D0TB01871F<\/li>\n<li>Algarra, M.; \u00d3rf\u00e3os, L.; Alves, C. S.; Moreno-Tost, R.; Pino-Gonz\u00e1lez, M. S.; Jim\u00e9nez-Jim\u00e9nez, J.; Rodr\u00edguez-Castell\u00f3n, E.; Eliche-Quesada, D.; Castro, E.; Luque, R. Sustainable Production of Carbon Nanoparticles from Olive Pit Biomass: Understanding Proton Transfer in the Excited State on Carbon Dots. <em>ACS Sustain. Chem. Eng.<\/em> <strong>2019<\/strong>, 7, 10493-10500. http:\/\/dx.doi.org\/10.1021\/acssuschemeng.9b00969<\/li>\n<li>Maciel, D.; Guerrero-Beltr\u00e1n, C.; Ce\u00f1a-D\u00edez, R.; Tom\u00e1s, H.; Mu\u00f1oz-Fern\u00e1ndez, M. A.; Rodrigues, J. M. C. New anionic poly(alkylideneamine) dendrimers as microbicide agents against HIV-1 infection. <em>Nanoscale<\/em> <strong>2019<\/strong>, 11, 9679-9690. http:\/\/dx.doi.org\/10.1039\/C9NR00303G<\/li>\n<li>Santos, S. D.; Xavier, M.; Leite, D. M.; Moreira, D. A.; Cust\u00f3dio, B.; Torrado, M.; Castro, R.; Leiro, V.; Rodrigues, J. M. C.; Tom\u00e1s, H.; P\u00eago, A. P. PAMAM dendrimers: blood-brain barrier transport and neuronal uptake after focal brain ischemia. <em> Control. Release<\/em> <strong>2018<\/strong>, 291, 65-79. http:\/\/dx.doi.org\/10.1016\/j.jconrel.2018.10.006<\/li>\n<li>Gouveia, M.; Figueira, J.; Jardim, M. G.; Castro, R.; Tom\u00e1s, H.; Rissanen, K.; Rodrigues, J. M. C. Poly(alkylidenimine) Dendrimers Functionalized with the Organometallic Moiety [Ru(\u03b7<sup>5<\/sup>-C<sub>5<\/sub>H<sub>5<\/sub>)(PPh<sub>3<\/sub>)<sub>2<\/sub>]<sup>+<\/sup> as Promising Drugs Against Cisplatin-Resistant Cancer Cells and Human Mesenchymal Stem Cells. <em>Molecules<\/em> <strong>2018<\/strong>, 23, 1471-1471. http:\/\/dx.doi.org\/10.3390\/molecules23061471<\/li>\n<li>Camacho, C. S.; Mesquita, J. C.; Rodrigues, J. M. C. Electrodeposition of polyaniline on self-assembled monolayers on graphite for the voltammetric detection of iron(II). <em> Chem. Phys.<\/em> <strong>2016<\/strong>, 184, 261-268. http:\/\/dx.doi.org\/10.1016\/j.matchemphys.2016.09.050<\/li>\n<li>Figueira, J.; Czardybon, W.; Mesquita, J. C.; Rodrigues, J. M. C.; Lahoz, F.; Russo, L.; Valkonen, A.; Rissanen, K. Synthesis, characterization and solid-state photoluminescence studies of six alkoxy phenylene ethynylene dinuclear palladium(II) rods. <em>Dalton Trans.<\/em> <strong>2015<\/strong>, 44, 4003-4015 http:\/\/dx.doi.org\/10.1039\/C4DT00493K<\/li>\n<li>Kong, L.; Alves, C. S.; Hou, W.; Qiu, J.; M\u00f6hwald, H.; Tom\u00e1s, H.; Shi, X. RGD Peptide-Modified Dendrimer-Entrapped Gold Nanoparticles Enable Highly Efficient and Specific Gene Delivery to Stem Cells. <em>ACS Appl. Mater. Interfaces<\/em> <strong>2015<\/strong>, 7, 4833-4843. http:\/\/dx.doi.org\/10.1021\/am508760w<\/li>\n<li>He, X.; Alves, C. S.; Oliveira, N.; Rodrigues, J. M. C.; Zhu, J.; B\u00e1nyai, I.; Tom\u00e1s, H.; Shi, X. RGD peptide-modified multifunctional dendrimer platform for drug encapsulation and targeted inhibition of cancer cells. <em>Colloid Surf. B-Biointerfaces<\/em> <strong>2015<\/strong>, 125, 82-89. http:\/\/dx.doi.org\/10.1016\/j.colsurfb.2014.11.004<\/li>\n<li>Liao, H.; Liu, H.; Li, Y.; Zhang, M.; Tom\u00e1s, H.; Shen, M.; Shi, X. Antitumor efficacy of doxorubicin encapsulated within PEGylated poly(amidoamine) dendrimers. <em> Appl. Polym. Sci.<\/em> <strong>2014<\/strong>, 131, 40358-40358. http:\/\/dx.doi.org\/10.1002\/app.40358<\/li>\n<li>Gon\u00e7alves, M.; Maciel, D.; Capelo, D.; Xiao, S.; Sun, W.; Shi, X.; Rodrigues, J. M. C.; Tom\u00e1s, H.; Li, Y. Dendrimer-Assisted Formation of Fluorescent Nanogels for Drug Delivery and Intracellular Imaging. <em>Biomacromolecules<\/em> <strong>2014<\/strong>, 15, 492-499. http:\/\/dx.doi.org\/10.1021\/bm401400r<\/li>\n<li>Gon\u00e7alves, M.; Figueira, P.; Maciel, D.; Rodrigues, J. M. C.; Qu, X.; Liu, C.; Tom\u00e1s, H.; Li, Y. pH-sensitive Laponite\u00ae\/doxorubicin\/alginate nanohybrids with improved anticancer efficacy. <em>Acta Biomater.<\/em> <strong>2014<\/strong>, 10, 300-307. http:\/\/dx.doi.org\/10.1016\/j.actbio.2013.09.013<\/li>\n<li>Gon\u00e7alves, M.; Figueira, P.; Maciel, D.; Rodrigues, J. M. C.; Shi, X.; Tom\u00e1s, H.; Li, Y. Antitumor Efficacy of Doxorubicin-Loaded Laponite\/Alginate Hybrid Hydrogels. <em> Biosci.<\/em> <strong>2014<\/strong>, 14, 110-120. http:\/\/dx.doi.org\/10.1002\/mabi.201300241<\/li>\n<li>Figueira, J.; Rodrigues, J. M. C.; Valkonen, A. Cis,cis,cis-(Acetato-\u03ba2 O,O\u2032)bis[1,2- bis(diphenylphosphanyl)ethane-\u03ba2 P,P\u2032]ruthenium(II) 0.75-trifluoromethanesulfonate 0.25-chloride. <em>Acta Crystallographica Section E: Structure Reports Online<\/em> <strong>2013<\/strong>, 69, 226-226. http:\/\/dx.doi.org\/10.1107\/S160053681300737X<\/li>\n<li>Figueira, J.; Jardim, M. G.; Rodrigues, J. M. C.; Valkonen, A.; Rissanen, K. A convenient route for the preparation of the monohydride catalyst trans-[RuCl(H)(dppe)<sub>2<\/sub>] (dppe=Ph<sub>2<\/sub>PCH<sub>2<\/sub>CH<sub>2<\/sub>PPh<sub>2<\/sub>): Improved synthesis and crystal structure. <em> Chem. Commun.<\/em> <strong>2013<\/strong>, 29, 123-127. http:\/\/dx.doi.org\/10.1016\/j.inoche.2013.01.002<\/li>\n<li>Maiti, S. K.; Jardim, M. G.; Rodrigues, J. M. C.; Rissanen, K.; Campo, J.; Wenseleers, W. Divergent Route to the Preparation of Hybrid Pt\u2013Fe 2,4,6-Tris(4-ethynyl)phenyl-1,3,5-triazine Metallodendrimers for Nonlinear Optics. <em>Organometallics<\/em> <strong>2013<\/strong>, 32, 406-414. http:\/\/dx.doi.org\/10.1021\/om300745v<\/li>\n<li>Nouri, A.; Castro, R.; Kairys, V.; Santos, J. L.; Rodrigues, J. M. C.; Li, Y.; Tom\u00e1s, H. Insight into the role of N,N-dimethylaminoethyl methacrylate (DMAEMA) conjugation onto poly(ethylenimine): cell viability and gene transfection studies. <em> Mater. Sci.-Mater. Med.<\/em> <strong>2012<\/strong>, 23, 2967-2980. doi: 10.1007\/s10856-012-4753-9<\/li>\n<li>Santos, J. L.; Nouri, A.; Fernandes, T.; Rodrigues, J. M. C.; Tom\u00e1s, H. Gene delivery using biodegradable polyelectrolyte microcapsules prepared through the layer-by-layer technique. <em> Prog.<\/em> <strong>2012<\/strong>, 28, 1088-1094. http:\/\/dx.doi.org\/10.1002\/btpr.1576<\/li>\n<li>Rodrigues J., Jardim M. J., Gouveia M., Tom\u00e1s H., and Rissanen K. Poly(alkylidenamines) Dendrimers as Scaffolds for the Preparation of Low-generation Ruthenium Based Metallodendrimers. <em>New J. Chem<\/em>. <strong>2011<\/strong>, 35, 1938-1943.<a href=\"about:blank\">http:\/\/dx.doi.org\/10.1039\/c1nj20364a<\/a><\/li>\n<li>Pandita D., Santos J.L., Rodrigues J., P\u00eago A.P., Granja P.L., Balian G., and Tom\u00e1s H. Gene Delivery into Mesenchymal Stem Cells: A Biomimetic Approach Using RGD Nanoclusters Based on Poly(amidoamine) Dendrimers. <em>Biomacromolecules<\/em> <strong>2011<\/strong>, 12, 724-481.<a href=\"about:blank\">http:\/\/dx.doi.org\/10.1021\/bm1012647<\/a><\/li>\n<li>Santos J.L., Oliveira H., Pandita D., Rodrigues J., P\u00eago A.P., Granja P.L., and Tom\u00e1s H. Functionalization of Poly(amidoamine) Dendrimers with Hydrophobic Chains for Improved Gene Delivery in Mesenchymal Stem Cells. <em> Control. Release<\/em> <strong>2010<\/strong>, 144, 55-64. http:\/\/dx.doi.org\/10.1016\/j.jconrel.2010.01.034<\/li>\n<li>Jardim M.G., Rissanen K., and Rodrigues J. Preparation and Characterization of Novel Poly(alkyliden imine) Nitrile Ruthenium Metallodendrimers. <em> J. Inorg. Chem.<\/em> <strong>2010<\/strong>, 11, 1729-1735. http:\/\/dx.doi.org\/10.1002\/ejic.200901187<\/li>\n<li>Ornelas C., Ruiz J., Rodrigues J, and Astruc D. Visible-light Photolytic Synthesis of Multinuclear and Dendritic Iron-Nitrile Cationic Complexes. <em> Chem.<\/em> <strong>2008<\/strong>, 47, 4421-4428. dx.doi.org\/10.1021\/ic800100k<\/li>\n<li>Vertlib V., Figueira J., Mesquita J., Rodrigues J., N\u00e4ttinen K., and Rissanen, K. A Trinuclear Aqua Cyano-bridged Ruthenium Complex [{(\u03b7<sup>5<\/sup>-C<sub>5<\/sub>H<sub>5<\/sub>) (PPh3)<sub>2<\/sub>Ru(\u03bc-CN)}<sub>2<\/sub>RuCl<sub>2<\/sub>(PPh<sub>3<\/sub>)(H<sub>2<\/sub>O)][PF<sub>6<\/sub>]: Synthesis, Characterization and Crystal Structure. <em> J. Inorg. Chem.<\/em> <strong>2007<\/strong>, 13, 1920 &#8211; 1924. http:\/\/dx.doi.org\/10.1002\/ejic.2006010503<\/li>\n<li>M\u00e9ry D., Plault L., Ornelas C., Ruiz, J., Nlate, S., Astruc, D., Blais, J.-C., Rodrigues J., Cordier, S., Kirakci K., and Perrin, C. From Simple Monopyridine Clusters [Mo<sub>6<\/sub>Br<sub>13<\/sub>(Py-R)<sub>6<\/sub>][n-Bu<sub>4<\/sub>N] and Hexapyridine Clusters [Mo<sub>6<\/sub>X<sub>8<\/sub>(Py-R)<sub>6<\/sub>][OSO<sub>2<\/sub>CF<sub>3<\/sub>]<sub>4<\/sub> (X = Br or I) to Cluster-cored Organometallic Stars, Dendrons and Dendrimers. <em> Chem.<\/em> 2006, 45, 1156-1167. http:\/\/dx.doi.org\/10.1021\/ic051680f<\/li>\n<li>Silva, C.L.; Perestrelo, R.; Capelinha, F.; Tom\u00e1s, H.; C\u00e2mara, J.S. An integrative approach based on GC-MS and NMR metabolomics data as a comprehensive strategy to search potential breast cancer biomarkers. <em>Metabolomics<\/em>. <strong>2021<\/strong>, 17, 72. https:\/\/doi.org\/10.1007\/s11306-021-01823-1<\/li>\n<li>Gon\u00e7alves, J.L., Alves, V.L., Vieira, J.A., Teixeira, M.H., C\u00e2mara, J.S. Structure Assignment of Seized Products Containing Cathinone Derivatives Using high resolution analytical Techniques. <em>Metabolites<\/em>, <strong>2021,<\/strong> 11, 144. https:\/\/doi.org\/10.3390\/metabo11030144<\/li>\n<li>Alves, V.L., Gon\u00e7alves, J.L., Vieira, J.A., Teixeira, M.H., C\u00e2mara, J.S. Metabolite Structure Assignment of Seized Products Containing Cathinone Derivatives Using high resolution analytical Techniques. <em> Bioanal. Chem.<\/em> <strong>2021<\/strong>, 413 2257-2263https:\/\/doi.org\/10.1007\/s00216-021-03199-6<\/li>\n<li>Silva, L. Catarina; Silva, C. G. S. L.; Lu\u00eds, C.; Perestrelo, R. M. d. S.; Silva, P.; Tom\u00e1s, H.; C\u00e2mara, J.S. Untargeted Urinary 1H NMR-Based Metabolomic Pattern as a Potential Platform in Breast Cancer Detection <em>Metabolites<\/em> <strong>2019<\/strong>, 9, 269-. http:\/\/dx.doi.org\/10.3390\/metabo9110269<\/li>\n<li>Castilho, P. C.; Savluchinske-Feio, S.; Weinhold, T. S.; Gouveia, S. C. Evaluation of the antimicrobial and antioxidant activities of essential oils, extracts and their main components from oregano from Madeira Island, <em>Portugal Food Control<\/em> <strong>2012<\/strong>, 23, 552-558. http:\/\/dx.doi.org\/10.1016\/j.foodcont.2011.08.031<\/li>\n<li>Castilho, P., Gouveia, S., Rodrigues, A. I. Quantification of Artemisinin and Camphor in Artemisia Annua Extracts by <sup>1<\/sup>H-NMR. <em> Anal.<\/em> <strong>2008<\/strong>, 19: 329-334. http:\/\/dx.doi.org\/10.1002\/pca.1053<\/li>\n<li>Louh G.N., Lannang A.M., Mbazoa C.D., Tangmouo J.G., Komguem J., Castilho P., Ngninzeko F.N., Qamar N., Lontsi D., Choudhary M.I., and Sondengam B.L. Polyanxanthone A, B and C, three xanthones from the wood trunk of Garcinia polyantha Oliv. <em>Phytochemistry<\/em> <strong>2008<\/strong>, 69, 1013-1017. http:\/\/dx.doi.org\/10.1016\/j.phytochem.2007.10.002<\/li>\n<li>Ferrari B., Castilho P., Tomi F., Rodrigues A.I., do Ceu Costa M., and Casanova J. Direct identification and quantitative determination of costunolide and dehydrocostuslactone in the fixed oil of Laurus novocanariensis by <sup>13<\/sup>C-NMR spectroscopy. <em> Anal.<\/em> <strong>2005<\/strong>. 16(2): 104-107. https:\/\/doi.org\/10.1002\/pca.825<\/li>\n<\/ol>\n","protected":false},"excerpt":{"rendered":"<p>&nbsp; Centro de Qu\u00edmica da Madeira Campus Universit\u00e1rio da Penteada Universidade da Madeira 9020-105 Funchal Portugal Tel:+351 291 705 150 (secretariat) Tel:+351 291 705 125 (Lab) Tel:+351 291 705 108 (Office) Fax: +351 291 705 149 \/ 249 &nbsp; NMR Equipment Bruker Avance II 400 (2006) BBO Double Resonance Broadband Probes \u2013 Observe Probe (2006)&hellip;&nbsp;<a href=\"https:\/\/ptnmr.web.ua.pt\/index.php\/universidade-da-madeira-cqm\/\" rel=\"bookmark\">Read More &raquo;<span class=\"screen-reader-text\">Universidade da Madeira &#8211; CQM<\/span><\/a><\/p>\n","protected":false},"author":4,"featured_media":0,"parent":0,"menu_order":0,"comment_status":"closed","ping_status":"closed","template":"","meta":{"neve_meta_sidebar":"","neve_meta_container":"","neve_meta_enable_content_width":"off","neve_meta_content_width":100,"neve_meta_title_alignment":"","neve_meta_author_avatar":"","neve_post_elements_order":"","neve_meta_disable_header":"","neve_meta_disable_footer":"","neve_meta_disable_title":""},"_links":{"self":[{"href":"https:\/\/ptnmr.web.ua.pt\/index.php\/wp-json\/wp\/v2\/pages\/805"}],"collection":[{"href":"https:\/\/ptnmr.web.ua.pt\/index.php\/wp-json\/wp\/v2\/pages"}],"about":[{"href":"https:\/\/ptnmr.web.ua.pt\/index.php\/wp-json\/wp\/v2\/types\/page"}],"author":[{"embeddable":true,"href":"https:\/\/ptnmr.web.ua.pt\/index.php\/wp-json\/wp\/v2\/users\/4"}],"replies":[{"embeddable":true,"href":"https:\/\/ptnmr.web.ua.pt\/index.php\/wp-json\/wp\/v2\/comments?post=805"}],"version-history":[{"count":20,"href":"https:\/\/ptnmr.web.ua.pt\/index.php\/wp-json\/wp\/v2\/pages\/805\/revisions"}],"predecessor-version":[{"id":3268,"href":"https:\/\/ptnmr.web.ua.pt\/index.php\/wp-json\/wp\/v2\/pages\/805\/revisions\/3268"}],"wp:attachment":[{"href":"https:\/\/ptnmr.web.ua.pt\/index.php\/wp-json\/wp\/v2\/media?parent=805"}],"curies":[{"name":"wp","href":"https:\/\/api.w.org\/{rel}","templated":true}]}}